{"id":1792,"date":"2019-09-17T11:09:53","date_gmt":"2019-09-17T09:09:53","guid":{"rendered":"https:\/\/www.nutrinamin.ch\/produkt-nutrinamin-combovegan-aacomplex\/vitamine-b12\/"},"modified":"2019-09-17T11:28:27","modified_gmt":"2019-09-17T09:28:27","slug":"vitamin-b12","status":"publish","type":"page","link":"https:\/\/www.nutrinamin.ch\/de\/produkt-nutrinamin-combovegan-aacomplex\/vitamin-b12\/","title":{"rendered":"Nutrinamin ComboVegan Vitamin B12"},"content":{"rendered":"<div class=\"fusion-fullwidth fullwidth-box fusion-builder-row-1 nonhundred-percent-fullwidth non-hundred-percent-height-scrolling\" style=\"--awb-border-radius-top-left:0px;--awb-border-radius-top-right:0px;--awb-border-radius-bottom-right:0px;--awb-border-radius-bottom-left:0px;--awb-flex-wrap:wrap;\" ><div class=\"fusion-builder-row fusion-row\"><div class=\"fusion-layout-column fusion_builder_column fusion-builder-column-0 fusion_builder_column_1_1 1_1 fusion-one-full fusion-column-first fusion-column-last\" style=\"--awb-bg-size:cover;\"><div class=\"fusion-column-wrapper fusion-flex-column-wrapper-legacy\">\n<div class=\"fusion-slider-revolution rev_slider_wrapper\">\t\t\t<!-- START Vitamine B12 DE REVOLUTION SLIDER 6.6.20 --><p class=\"rs-p-wp-fix\"><\/p>\n\t\t\t<rs-module-wrap id=\"rev_slider_14_1_wrapper\" data-source=\"gallery\" style=\"visibility:hidden;background:transparent;padding:0;margin:0px auto;margin-top:0;margin-bottom:0;\">\n\t\t\t\t<rs-module id=\"rev_slider_14_1\" style=\"\" data-version=\"6.6.20\">\n\t\t\t\t\t<rs-slides style=\"overflow: hidden; position: absolute;\">\n\t\t\t\t\t\t<rs-slide style=\"position: absolute;\" data-key=\"rs-46\" data-title=\"Slide\" data-anim=\"p:light;\" data-in=\"prst:rndany;o:0;sx:0.6;sy:0.6;\" data-out=\"o:0;sx:1.6;sy:1.6;\">\n\t\t\t\t\t\t\t<img decoding=\"async\" src=\"\/\/www.nutrinamin.ch\/wp-content\/plugins\/revslider\/public\/assets\/assets\/dummy.png\" alt=\"Nutrinamin ComboVegan Vitamin B12 essenzielle Aminos\u00e4uren\" title=\"Nutrinamin ComboVegan Vitamin B12 essenzielle Aminos\u00e4uren\" width=\"1920\" height=\"600\" class=\"rev-slidebg tp-rs-img rs-lazyload\" data-lazyload=\"\/\/www.nutrinamin.ch\/wp-content\/uploads\/2019\/09\/slider-b12-de.jpg\" data-no-retina>\n<!---->\t\t\t\t\t\t<\/rs-slide>\n\t\t\t\t\t<\/rs-slides>\n\t\t\t\t<\/rs-module>\n\t\t\t\t<script>\n\t\t\t\t\tsetREVStartSize({c: 'rev_slider_14_1',rl:[1240,1024,768,480],el:[600],gw:[1920],gh:[600],type:'standard',justify:'',layout:'fullwidth',mh:\"0\"});if (window.RS_MODULES!==undefined && window.RS_MODULES.modules!==undefined && window.RS_MODULES.modules[\"revslider141\"]!==undefined) {window.RS_MODULES.modules[\"revslider141\"].once = false;window.revapi14 = undefined;if (window.RS_MODULES.checkMinimal!==undefined) window.RS_MODULES.checkMinimal()}\n\t\t\t\t<\/script>\n\t\t\t<\/rs-module-wrap>\n\t\t\t<!-- END REVOLUTION SLIDER -->\n<\/div><div class=\"fusion-clearfix\"><\/div><\/div><\/div><\/div><\/div><div id=\"ingredients\" class=\"fusion-container-anchor\"><div class=\"fusion-fullwidth fullwidth-box fusion-builder-row-2 nonhundred-percent-fullwidth non-hundred-percent-height-scrolling\" style=\"--awb-border-radius-top-left:0px;--awb-border-radius-top-right:0px;--awb-border-radius-bottom-right:0px;--awb-border-radius-bottom-left:0px;--awb-margin-top:0px;--awb-margin-bottom:-20px;--awb-flex-wrap:wrap;\" ><div class=\"fusion-builder-row fusion-row\"><div class=\"fusion-layout-column fusion_builder_column fusion-builder-column-1 fusion_builder_column_1_1 1_1 fusion-one-full fusion-column-first fusion-column-last\" style=\"--awb-bg-size:cover;\"><div class=\"fusion-column-wrapper fusion-flex-column-wrapper-legacy\"><div class=\"fusion-text fusion-text-1\"><h1 style=\"text-align: center;\">Vitamin B12, Wussten Sie es&#8230;<\/h1>\n<p><strong>Vitamin B12<\/strong>, auch <strong>Cobalamin<\/strong> genannt, geh\u00f6rt zu den acht Vitaminen der B-Gruppe.<\/p>\n<p>Es wird ausschliesslich durch bestimmte Bakterien und Mikroorganismen gebildet, die als Bodenlebewesen oder im Darm gewisser Tiere vorkommen, besonders von S\u00e4ugetieren, die sich pflanzlich ern\u00e4hren, oder Tieren, die ihren eigenen Kot fressen k\u00f6nnen, wie beispielsweise Kaninchen. Demgegen\u00fcber muss der <strong>Mensch Nahrungsmittel konsumieren, die Vitamin B12 enthalten<\/strong>.<\/p>\n<h3>Eine Ern\u00e4hrung, die tierische Quellen ausschliesst, enth\u00e4lt somit keine Vitamin-B12-Quelle.<\/h3>\n<p>Lange Zeit meinte man, Pflanzen wie Spirulina oder Tempeh seien Vitamin-B12-haltig. Dies trifft jedoch nicht zu. Sie enthalten zwar \u00e4hnliche Stoffe, die beim Menschen jedoch keine Vitaminaktivit\u00e4t entfalten.<\/p>\n<h1><strong>Wozu dient Vitamin B12? <\/strong><\/h1>\n<p><strong>Vitamin B12<\/strong> oder <strong>Cobalamin<\/strong> ist f\u00fcr unser <strong>Wachstum<\/strong> und die <strong>K\u00f6rperfunktionen<\/strong> unbedingt <strong>notwendig<\/strong>, weil es an zahlreichen Synthesevorg\u00e4ngen im menschlichen K\u00f6rper beteiligt ist:<\/p>\n<ul>\n<li><strong>Zellteilung<\/strong><\/li>\n<li><strong>Gleichgewicht des Nervensystems<\/strong><\/li>\n<li><strong>Bildung der roten Blutk\u00f6rperchen<\/strong><\/li>\n<li><strong>Produktion der weissen Blutk\u00f6rperchen<\/strong> (Abwehrkr\u00e4fte), aber auch der Blutpl\u00e4ttchen, welche die Wundheilung erm\u00f6glichen<\/li>\n<li><strong>Stoffwechsel von Kohlenhydraten und Fetten<\/strong><\/li>\n<\/ul>\n<h3><strong>Und ein Vitamin-B12-Mangel? <\/strong><\/h3>\n<p>Interessant ist die Tatsache, dass <strong>unser Organismus \u00fcber grosse Vitamin-B12-Reserven verf\u00fcgt<\/strong>. <strong>Mangelerscheinungen<\/strong> treten deshalb zum Teil erst nach Monaten in Erscheinung und sind relativ schwierig zu diagnostizieren. So kann ein <strong>Vitamin-B12-Mangel M\u00fcdigkeit<\/strong> und \u00dcbelkeit hervorrufen, aber auch <strong>neurologische Symptome<\/strong> wie Ameisenlaufen und Taubheitsgef\u00fchle ohne erkennbaren Grund oder eine Abnahme der Schmerzempfindlichkeit.<\/p>\n<h3>Veganerinnen und Veganer, die keine Produkte tierischen Ursprungs einnehmen, weisen somit ein Risiko f\u00fcr einen Vitamin-B12-Mangel auf.<br \/>\nSie m\u00fcssen dieses Vitamin \u00fcber eine k\u00fcnstliche Quelle erg\u00e4nzen, zum Beispiel mit Cyanocobalamin, das in den meisten Nahrungserg\u00e4nzungsmitteln enthalten ist.<\/h3>\n<p>Das Nahrungserg\u00e4nzungsmittel <a href=\"https:\/\/www.nutrinamin.ch\/de\/produkt-nutrinamin-combovegan-aacomplex\/produkte-nutrinamin-combovegan-aacomplex-nutrinamin-combovegan\/\" target=\"_blank\" rel=\"noopener noreferrer\"><strong>Nutrinamin ComboVegan<\/strong><\/a> <strong>enth\u00e4lt Vitamin B12<\/strong> und zus\u00e4tzlich essenzielle Aminos\u00e4uren (Bausteine f\u00fcr den K\u00f6rperaufbau), Vitamin D, Kalzium, Zink und Eisen.<\/p>\n<p><strong>Nutrinamin ComboVegan bietet<\/strong> damit eine gut <strong>assimilierbare<\/strong> <strong>Komplettl\u00f6sung<\/strong> f\u00fcr die Erg\u00e4nzung mit diesen Stoffen im Alltag.<\/p>\n<\/div><div class=\"fusion-clearfix\"><\/div><\/div><\/div><\/div><\/div><\/div><div id=\"ingredients\" class=\"fusion-container-anchor\"><div class=\"fusion-fullwidth fullwidth-box fusion-builder-row-3 nonhundred-percent-fullwidth non-hundred-percent-height-scrolling\" style=\"--awb-border-radius-top-left:0px;--awb-border-radius-top-right:0px;--awb-border-radius-bottom-right:0px;--awb-border-radius-bottom-left:0px;--awb-margin-top:0px;--awb-margin-bottom:-20px;--awb-flex-wrap:wrap;\" ><div class=\"fusion-builder-row fusion-row\"><div class=\"fusion-layout-column fusion_builder_column fusion-builder-column-2 fusion_builder_column_1_2 1_2 fusion-one-half fusion-column-first\" style=\"--awb-bg-size:cover;width:50%;width:calc(50% - ( ( 4% ) * 0.5 ) );margin-right: 4%;\"><div class=\"fusion-column-wrapper fusion-flex-column-wrapper-legacy\"><div class=\"fusion-image-element in-legacy-container\" style=\"--awb-caption-title-font-family:var(--h2_typography-font-family);--awb-caption-title-font-weight:var(--h2_typography-font-weight);--awb-caption-title-font-style:var(--h2_typography-font-style);--awb-caption-title-size:var(--h2_typography-font-size);--awb-caption-title-transform:var(--h2_typography-text-transform);--awb-caption-title-line-height:var(--h2_typography-line-height);--awb-caption-title-letter-spacing:var(--h2_typography-letter-spacing);\"><span class=\" fusion-imageframe imageframe-none imageframe-1 hover-type-none\"><img decoding=\"async\" width=\"85\" height=\"85\" alt=\"Nutrinamin ComboVegan Vitamine B12\" title=\"zactigis-180312-picto-b12\" src=\"https:\/\/www.nutrinamin.ch\/wp-content\/uploads\/2019\/09\/zactigis-180312-picto-b12.svg\" class=\"img-responsive wp-image-1782\"\/><\/span><\/div><div class=\"fusion-clearfix\"><\/div><\/div><\/div><div class=\"fusion-layout-column fusion_builder_column fusion-builder-column-3 fusion_builder_column_1_2 1_2 fusion-one-half fusion-column-last\" style=\"--awb-bg-size:cover;width:50%;width:calc(50% - ( ( 4% ) * 0.5 ) );\"><div class=\"fusion-column-wrapper fusion-flex-column-wrapper-legacy\"><div class=\"fusion-image-element in-legacy-container\" style=\"--awb-caption-title-font-family:var(--h2_typography-font-family);--awb-caption-title-font-weight:var(--h2_typography-font-weight);--awb-caption-title-font-style:var(--h2_typography-font-style);--awb-caption-title-size:var(--h2_typography-font-size);--awb-caption-title-transform:var(--h2_typography-text-transform);--awb-caption-title-line-height:var(--h2_typography-line-height);--awb-caption-title-letter-spacing:var(--h2_typography-letter-spacing);\"><span class=\" fusion-imageframe imageframe-none imageframe-2 hover-type-none\"><img decoding=\"async\" width=\"300\" height=\"257\" title=\"combovegan-boite-fr-sticks\" src=\"https:\/\/www.nutrinamin.ch\/wp-content\/uploads\/2019\/06\/combovegan-boite-fr-sticks-300x257.png\" alt class=\"img-responsive wp-image-1562\" srcset=\"https:\/\/www.nutrinamin.ch\/wp-content\/uploads\/2019\/06\/combovegan-boite-fr-sticks-200x171.png 200w, https:\/\/www.nutrinamin.ch\/wp-content\/uploads\/2019\/06\/combovegan-boite-fr-sticks-400x342.png 400w, https:\/\/www.nutrinamin.ch\/wp-content\/uploads\/2019\/06\/combovegan-boite-fr-sticks-600x514.png 600w, https:\/\/www.nutrinamin.ch\/wp-content\/uploads\/2019\/06\/combovegan-boite-fr-sticks.png 784w\" sizes=\"(max-width: 0px) 100vw, 600px\" \/><\/span><\/div><div class=\"fusion-clearfix\"><\/div><\/div><\/div><\/div><\/div><\/div>\n","protected":false},"excerpt":{"rendered":"","protected":false},"author":4,"featured_media":0,"parent":1206,"menu_order":0,"comment_status":"closed","ping_status":"closed","template":"100-width.php","meta":{"footnotes":""},"yoast_head":"<!-- This site is optimized with the Yoast SEO plugin v22.1 - https:\/\/yoast.com\/wordpress\/plugins\/seo\/ -->\n<title>Nutrinamin ComboVegan Vitamin B12 - Nutrinamin<\/title>\n<meta name=\"description\" content=\"Lebensmittel ohne tierische Proteine. Wie kann man Vitamin B12 erg\u00e4nzen? Probieren Sie Nutrinamin ComboVegan.\" \/>\n<meta name=\"robots\" content=\"index, follow, max-snippet:-1, max-image-preview:large, max-video-preview:-1\" \/>\n<link rel=\"canonical\" href=\"https:\/\/www.nutrinamin.ch\/de\/produkt-nutrinamin-combovegan-aacomplex\/vitamin-b12\/\" \/>\n<meta property=\"og:locale\" content=\"de_DE\" \/>\n<meta property=\"og:type\" content=\"article\" \/>\n<meta property=\"og:title\" content=\"Nutrinamin ComboVegan Vitamin B12 - Nutrinamin\" \/>\n<meta property=\"og:description\" content=\"Lebensmittel ohne tierische Proteine. Wie kann man Vitamin B12 erg\u00e4nzen? Probieren Sie Nutrinamin ComboVegan.\" \/>\n<meta property=\"og:url\" content=\"https:\/\/www.nutrinamin.ch\/de\/produkt-nutrinamin-combovegan-aacomplex\/vitamin-b12\/\" \/>\n<meta property=\"og:site_name\" content=\"Nutrinamin\" \/>\n<meta property=\"article:modified_time\" content=\"2019-09-17T09:28:27+00:00\" \/>\n<meta name=\"twitter:card\" content=\"summary_large_image\" \/>\n<meta name=\"twitter:label1\" content=\"Gesch\u00e4tzte Lesezeit\" \/>\n\t<meta name=\"twitter:data1\" content=\"6\u00a0Minuten\" \/>\n<script type=\"application\/ld+json\" class=\"yoast-schema-graph\">{\"@context\":\"https:\/\/schema.org\",\"@graph\":[{\"@type\":\"WebPage\",\"@id\":\"https:\/\/www.nutrinamin.ch\/de\/produkt-nutrinamin-combovegan-aacomplex\/vitamin-b12\/\",\"url\":\"https:\/\/www.nutrinamin.ch\/de\/produkt-nutrinamin-combovegan-aacomplex\/vitamin-b12\/\",\"name\":\"Nutrinamin ComboVegan Vitamin B12 - Nutrinamin\",\"isPartOf\":{\"@id\":\"https:\/\/www.nutrinamin.ch\/de\/#website\"},\"datePublished\":\"2019-09-17T09:09:53+00:00\",\"dateModified\":\"2019-09-17T09:28:27+00:00\",\"description\":\"Lebensmittel ohne tierische Proteine. Wie kann man Vitamin B12 erg\u00e4nzen? Probieren Sie Nutrinamin ComboVegan.\",\"breadcrumb\":{\"@id\":\"https:\/\/www.nutrinamin.ch\/de\/produkt-nutrinamin-combovegan-aacomplex\/vitamin-b12\/#breadcrumb\"},\"inLanguage\":\"de\",\"potentialAction\":[{\"@type\":\"ReadAction\",\"target\":[\"https:\/\/www.nutrinamin.ch\/de\/produkt-nutrinamin-combovegan-aacomplex\/vitamin-b12\/\"]}]},{\"@type\":\"BreadcrumbList\",\"@id\":\"https:\/\/www.nutrinamin.ch\/de\/produkt-nutrinamin-combovegan-aacomplex\/vitamin-b12\/#breadcrumb\",\"itemListElement\":[{\"@type\":\"ListItem\",\"position\":1,\"name\":\"Accueil\",\"item\":\"https:\/\/www.nutrinamin.ch\/de\/\"},{\"@type\":\"ListItem\",\"position\":2,\"name\":\"Produkte\",\"item\":\"https:\/\/www.nutrinamin.ch\/de\/produkt-nutrinamin-combovegan-aacomplex\/\"},{\"@type\":\"ListItem\",\"position\":3,\"name\":\"Nutrinamin ComboVegan Vitamin B12\"}]},{\"@type\":\"WebSite\",\"@id\":\"https:\/\/www.nutrinamin.ch\/de\/#website\",\"url\":\"https:\/\/www.nutrinamin.ch\/de\/\",\"name\":\"Nutrinamin\",\"description\":\"\",\"potentialAction\":[{\"@type\":\"SearchAction\",\"target\":{\"@type\":\"EntryPoint\",\"urlTemplate\":\"https:\/\/www.nutrinamin.ch\/de\/?s={search_term_string}\"},\"query-input\":\"required name=search_term_string\"}],\"inLanguage\":\"de\"}]}<\/script>\n<!-- \/ Yoast SEO plugin. -->","yoast_head_json":{"title":"Nutrinamin ComboVegan Vitamin B12 - Nutrinamin","description":"Lebensmittel ohne tierische Proteine. Wie kann man Vitamin B12 erg\u00e4nzen? Probieren Sie Nutrinamin ComboVegan.","robots":{"index":"index","follow":"follow","max-snippet":"max-snippet:-1","max-image-preview":"max-image-preview:large","max-video-preview":"max-video-preview:-1"},"canonical":"https:\/\/www.nutrinamin.ch\/de\/produkt-nutrinamin-combovegan-aacomplex\/vitamin-b12\/","og_locale":"de_DE","og_type":"article","og_title":"Nutrinamin ComboVegan Vitamin B12 - Nutrinamin","og_description":"Lebensmittel ohne tierische Proteine. Wie kann man Vitamin B12 erg\u00e4nzen? Probieren Sie Nutrinamin ComboVegan.","og_url":"https:\/\/www.nutrinamin.ch\/de\/produkt-nutrinamin-combovegan-aacomplex\/vitamin-b12\/","og_site_name":"Nutrinamin","article_modified_time":"2019-09-17T09:28:27+00:00","twitter_card":"summary_large_image","twitter_misc":{"Gesch\u00e4tzte Lesezeit":"6\u00a0Minuten"},"schema":{"@context":"https:\/\/schema.org","@graph":[{"@type":"WebPage","@id":"https:\/\/www.nutrinamin.ch\/de\/produkt-nutrinamin-combovegan-aacomplex\/vitamin-b12\/","url":"https:\/\/www.nutrinamin.ch\/de\/produkt-nutrinamin-combovegan-aacomplex\/vitamin-b12\/","name":"Nutrinamin ComboVegan Vitamin B12 - Nutrinamin","isPartOf":{"@id":"https:\/\/www.nutrinamin.ch\/de\/#website"},"datePublished":"2019-09-17T09:09:53+00:00","dateModified":"2019-09-17T09:28:27+00:00","description":"Lebensmittel ohne tierische Proteine. Wie kann man Vitamin B12 erg\u00e4nzen? Probieren Sie Nutrinamin ComboVegan.","breadcrumb":{"@id":"https:\/\/www.nutrinamin.ch\/de\/produkt-nutrinamin-combovegan-aacomplex\/vitamin-b12\/#breadcrumb"},"inLanguage":"de","potentialAction":[{"@type":"ReadAction","target":["https:\/\/www.nutrinamin.ch\/de\/produkt-nutrinamin-combovegan-aacomplex\/vitamin-b12\/"]}]},{"@type":"BreadcrumbList","@id":"https:\/\/www.nutrinamin.ch\/de\/produkt-nutrinamin-combovegan-aacomplex\/vitamin-b12\/#breadcrumb","itemListElement":[{"@type":"ListItem","position":1,"name":"Accueil","item":"https:\/\/www.nutrinamin.ch\/de\/"},{"@type":"ListItem","position":2,"name":"Produkte","item":"https:\/\/www.nutrinamin.ch\/de\/produkt-nutrinamin-combovegan-aacomplex\/"},{"@type":"ListItem","position":3,"name":"Nutrinamin ComboVegan Vitamin B12"}]},{"@type":"WebSite","@id":"https:\/\/www.nutrinamin.ch\/de\/#website","url":"https:\/\/www.nutrinamin.ch\/de\/","name":"Nutrinamin","description":"","potentialAction":[{"@type":"SearchAction","target":{"@type":"EntryPoint","urlTemplate":"https:\/\/www.nutrinamin.ch\/de\/?s={search_term_string}"},"query-input":"required name=search_term_string"}],"inLanguage":"de"}]}},"_links":{"self":[{"href":"https:\/\/www.nutrinamin.ch\/de\/wp-json\/wp\/v2\/pages\/1792"}],"collection":[{"href":"https:\/\/www.nutrinamin.ch\/de\/wp-json\/wp\/v2\/pages"}],"about":[{"href":"https:\/\/www.nutrinamin.ch\/de\/wp-json\/wp\/v2\/types\/page"}],"author":[{"embeddable":true,"href":"https:\/\/www.nutrinamin.ch\/de\/wp-json\/wp\/v2\/users\/4"}],"replies":[{"embeddable":true,"href":"https:\/\/www.nutrinamin.ch\/de\/wp-json\/wp\/v2\/comments?post=1792"}],"version-history":[{"count":5,"href":"https:\/\/www.nutrinamin.ch\/de\/wp-json\/wp\/v2\/pages\/1792\/revisions"}],"predecessor-version":[{"id":1802,"href":"https:\/\/www.nutrinamin.ch\/de\/wp-json\/wp\/v2\/pages\/1792\/revisions\/1802"}],"up":[{"embeddable":true,"href":"https:\/\/www.nutrinamin.ch\/de\/wp-json\/wp\/v2\/pages\/1206"}],"wp:attachment":[{"href":"https:\/\/www.nutrinamin.ch\/de\/wp-json\/wp\/v2\/media?parent=1792"}],"curies":[{"name":"wp","href":"https:\/\/api.w.org\/{rel}","templated":true}]}}