{"id":1587,"date":"2019-06-21T15:09:00","date_gmt":"2019-06-21T13:09:00","guid":{"rendered":"https:\/\/www.nutrinamin.ch\/?page_id=1587"},"modified":"2019-06-21T15:09:00","modified_gmt":"2019-06-21T13:09:00","slug":"role-essenziellen-aminosaeuren-aacomplex","status":"publish","type":"page","link":"https:\/\/www.nutrinamin.ch\/de\/produkt-nutrinamin-combovegan-aacomplex\/role-essenziellen-aminosaeuren-aacomplex\/","title":{"rendered":"Role der essenziellen Aminos\u00e4uren AAComplex"},"content":{"rendered":"<div class=\"fusion-fullwidth fullwidth-box fusion-builder-row-1 nonhundred-percent-fullwidth non-hundred-percent-height-scrolling\" style=\"--awb-border-radius-top-left:0px;--awb-border-radius-top-right:0px;--awb-border-radius-bottom-right:0px;--awb-border-radius-bottom-left:0px;--awb-margin-top:30px;--awb-background-color:#ffffff;--awb-flex-wrap:wrap;\" ><div class=\"fusion-builder-row fusion-row\"><div class=\"fusion-layout-column fusion_builder_column fusion-builder-column-0 fusion_builder_column_1_1 1_1 fusion-one-full fusion-column-first fusion-column-last\" style=\"--awb-bg-size:cover;\"><div class=\"fusion-column-wrapper fusion-flex-column-wrapper-legacy\"><div class=\"fusion-title title fusion-title-1 fusion-sep-none fusion-title-center fusion-title-text fusion-title-size-two\" style=\"--awb-text-color:#f08019;--awb-margin-top:20px;--awb-margin-bottom:25px;--awb-font-size:32px;\"><h2 class=\"fusion-title-heading title-heading-center\" style=\"margin:0;font-size:1em;\">Welche Rolle spielen die essenziellen Aminos\u00e4uren<\/h2><\/div><div class=\"fusion-clearfix\"><\/div><\/div><\/div><\/div><\/div><div class=\"fusion-fullwidth fullwidth-box fusion-builder-row-2 nonhundred-percent-fullwidth non-hundred-percent-height-scrolling fusion-no-small-visibility fusion-no-medium-visibility\" style=\"--awb-border-radius-top-left:0px;--awb-border-radius-top-right:0px;--awb-border-radius-bottom-right:0px;--awb-border-radius-bottom-left:0px;--awb-margin-top:30px;--awb-flex-wrap:wrap;\" ><div class=\"fusion-builder-row fusion-row\"><div class=\"fusion-layout-column fusion_builder_column fusion-builder-column-1 fusion_builder_column_1_1 1_1 fusion-one-full fusion-column-first fusion-column-last\" style=\"--awb-bg-size:cover;\"><div class=\"fusion-column-wrapper fusion-flex-column-wrapper-legacy\"><div class=\"fusion-text fusion-text-1\"><p>Unser K\u00f6rper besteht aus Proteinen (Eiweiss). Sie stellen den Stoffwechsel sicher und bestehen aus Aminos\u00e4uren, die in einer festen Reihenfolge angeordnet sind.<\/p>\n<p>Manche Aminos\u00e4uren kann der K\u00f6rper selbst \u00abherstellen\u00bb, aber die 8 \u00abessenziellen\u00bb Aminos\u00e4uren m\u00fcssen in jedem Fall zugef\u00fchrt werden.<\/p>\n<p>In tierischem Eiweiss sind sie in optimalen Mengen und Anteilen f\u00fcr den Menschen enthalten.<\/p>\n<p>Auch in pflanzlichen Nahrungsmitteln sind sie vorhanden, jedoch in deutlich geringerem Umfang und in einer anderen Verteilung.<\/p>\n<p><strong>Auch wenn nur die Zufuhr einer einzigen essenziellen Aminos\u00e4ure ungen\u00fcgend ist, verringert sich die gesamte Proteinsynthese.<\/strong><\/p>\n<p>Mehr <a href=\"https:\/\/www.nutrinamin.ch\/de\/nutrinamin-combovegan-haufig-gestellte-fragen\/\" target=\"_blank\" rel=\"noopener noreferrer\">hier<\/a> erfahren<\/p>\n<\/div><div class=\"fusion-sep-clear\"><\/div><div class=\"fusion-separator fusion-full-width-sep\" style=\"margin-left: auto;margin-right: auto;width:100%;\"><\/div><div class=\"fusion-sep-clear\"><\/div><div class=\"fusion-image-element fusion-image-align-center in-legacy-container\" style=\"text-align:center;--awb-caption-title-font-family:var(--h2_typography-font-family);--awb-caption-title-font-weight:var(--h2_typography-font-weight);--awb-caption-title-font-style:var(--h2_typography-font-style);--awb-caption-title-size:var(--h2_typography-font-size);--awb-caption-title-transform:var(--h2_typography-text-transform);--awb-caption-title-line-height:var(--h2_typography-line-height);--awb-caption-title-letter-spacing:var(--h2_typography-letter-spacing);\"><div class=\"imageframe-align-center\"><span class=\" fusion-imageframe imageframe-none imageframe-1 hover-type-none\"><img decoding=\"async\" width=\"300\" height=\"182\" alt=\"Nutrinamin AAComplex, verhindern Sie den begrenzenden Faktor\" title=\"Nutrinamin AAComplex, verhindern Sie den begrenzenden Faktor\" src=\"https:\/\/www.nutrinamin.ch\/wp-content\/uploads\/2019\/04\/tonneau-nutrinamin-aacomplex-400-300x182.png\" class=\"img-responsive wp-image-1023\" srcset=\"https:\/\/www.nutrinamin.ch\/wp-content\/uploads\/2019\/04\/tonneau-nutrinamin-aacomplex-400-200x122.png 200w, https:\/\/www.nutrinamin.ch\/wp-content\/uploads\/2019\/04\/tonneau-nutrinamin-aacomplex-400.png 400w\" sizes=\"(max-width: 0px) 100vw, 300px\" \/><\/span><\/div><\/div><div class=\"fusion-clearfix\"><\/div><\/div><\/div><\/div><\/div>\n","protected":false},"excerpt":{"rendered":"","protected":false},"author":4,"featured_media":0,"parent":1206,"menu_order":0,"comment_status":"closed","ping_status":"closed","template":"100-width.php","meta":{"footnotes":""},"yoast_head":"<!-- This site is optimized with the Yoast SEO plugin v22.1 - https:\/\/yoast.com\/wordpress\/plugins\/seo\/ -->\n<title>Nutrinamin AAComplex - Nutrinamin<\/title>\n<meta name=\"description\" content=\"F\u00fchren Sie die essenziellen Aminos\u00e4uren und Zink in optimaler Menge zu, erleichtern Sie die Rehabilitation nach der Operation.\" \/>\n<meta name=\"robots\" content=\"index, follow, max-snippet:-1, max-image-preview:large, max-video-preview:-1\" \/>\n<link rel=\"canonical\" href=\"https:\/\/www.nutrinamin.ch\/de\/produkt-nutrinamin-combovegan-aacomplex\/role-essenziellen-aminosaeuren-aacomplex\/\" \/>\n<meta property=\"og:locale\" content=\"de_DE\" \/>\n<meta property=\"og:type\" content=\"article\" \/>\n<meta property=\"og:title\" content=\"Nutrinamin AAComplex - Nutrinamin\" \/>\n<meta property=\"og:description\" content=\"F\u00fchren Sie die essenziellen Aminos\u00e4uren und Zink in optimaler Menge zu, erleichtern Sie die Rehabilitation nach der Operation.\" \/>\n<meta property=\"og:url\" content=\"https:\/\/www.nutrinamin.ch\/de\/produkt-nutrinamin-combovegan-aacomplex\/role-essenziellen-aminosaeuren-aacomplex\/\" \/>\n<meta property=\"og:site_name\" content=\"Nutrinamin\" \/>\n<meta name=\"twitter:card\" content=\"summary_large_image\" \/>\n<meta name=\"twitter:label1\" content=\"Gesch\u00e4tzte Lesezeit\" \/>\n\t<meta name=\"twitter:data1\" content=\"3\u00a0Minuten\" \/>\n<script type=\"application\/ld+json\" class=\"yoast-schema-graph\">{\"@context\":\"https:\/\/schema.org\",\"@graph\":[{\"@type\":\"WebPage\",\"@id\":\"https:\/\/www.nutrinamin.ch\/de\/produkt-nutrinamin-combovegan-aacomplex\/role-essenziellen-aminosaeuren-aacomplex\/\",\"url\":\"https:\/\/www.nutrinamin.ch\/de\/produkt-nutrinamin-combovegan-aacomplex\/role-essenziellen-aminosaeuren-aacomplex\/\",\"name\":\"Nutrinamin AAComplex - Nutrinamin\",\"isPartOf\":{\"@id\":\"https:\/\/www.nutrinamin.ch\/de\/#website\"},\"datePublished\":\"2019-06-21T13:09:00+00:00\",\"dateModified\":\"2019-06-21T13:09:00+00:00\",\"description\":\"F\u00fchren Sie die essenziellen Aminos\u00e4uren und Zink in optimaler Menge zu, erleichtern Sie die Rehabilitation nach der Operation.\",\"breadcrumb\":{\"@id\":\"https:\/\/www.nutrinamin.ch\/de\/produkt-nutrinamin-combovegan-aacomplex\/role-essenziellen-aminosaeuren-aacomplex\/#breadcrumb\"},\"inLanguage\":\"de\",\"potentialAction\":[{\"@type\":\"ReadAction\",\"target\":[\"https:\/\/www.nutrinamin.ch\/de\/produkt-nutrinamin-combovegan-aacomplex\/role-essenziellen-aminosaeuren-aacomplex\/\"]}]},{\"@type\":\"BreadcrumbList\",\"@id\":\"https:\/\/www.nutrinamin.ch\/de\/produkt-nutrinamin-combovegan-aacomplex\/role-essenziellen-aminosaeuren-aacomplex\/#breadcrumb\",\"itemListElement\":[{\"@type\":\"ListItem\",\"position\":1,\"name\":\"Accueil\",\"item\":\"https:\/\/www.nutrinamin.ch\/de\/\"},{\"@type\":\"ListItem\",\"position\":2,\"name\":\"Produkte\",\"item\":\"https:\/\/www.nutrinamin.ch\/de\/produkt-nutrinamin-combovegan-aacomplex\/\"},{\"@type\":\"ListItem\",\"position\":3,\"name\":\"Role der essenziellen Aminos\u00e4uren AAComplex\"}]},{\"@type\":\"WebSite\",\"@id\":\"https:\/\/www.nutrinamin.ch\/de\/#website\",\"url\":\"https:\/\/www.nutrinamin.ch\/de\/\",\"name\":\"Nutrinamin\",\"description\":\"\",\"potentialAction\":[{\"@type\":\"SearchAction\",\"target\":{\"@type\":\"EntryPoint\",\"urlTemplate\":\"https:\/\/www.nutrinamin.ch\/de\/?s={search_term_string}\"},\"query-input\":\"required name=search_term_string\"}],\"inLanguage\":\"de\"}]}<\/script>\n<!-- \/ Yoast SEO plugin. -->","yoast_head_json":{"title":"Nutrinamin AAComplex - Nutrinamin","description":"F\u00fchren Sie die essenziellen Aminos\u00e4uren und Zink in optimaler Menge zu, erleichtern Sie die Rehabilitation nach der Operation.","robots":{"index":"index","follow":"follow","max-snippet":"max-snippet:-1","max-image-preview":"max-image-preview:large","max-video-preview":"max-video-preview:-1"},"canonical":"https:\/\/www.nutrinamin.ch\/de\/produkt-nutrinamin-combovegan-aacomplex\/role-essenziellen-aminosaeuren-aacomplex\/","og_locale":"de_DE","og_type":"article","og_title":"Nutrinamin AAComplex - Nutrinamin","og_description":"F\u00fchren Sie die essenziellen Aminos\u00e4uren und Zink in optimaler Menge zu, erleichtern Sie die Rehabilitation nach der Operation.","og_url":"https:\/\/www.nutrinamin.ch\/de\/produkt-nutrinamin-combovegan-aacomplex\/role-essenziellen-aminosaeuren-aacomplex\/","og_site_name":"Nutrinamin","twitter_card":"summary_large_image","twitter_misc":{"Gesch\u00e4tzte Lesezeit":"3\u00a0Minuten"},"schema":{"@context":"https:\/\/schema.org","@graph":[{"@type":"WebPage","@id":"https:\/\/www.nutrinamin.ch\/de\/produkt-nutrinamin-combovegan-aacomplex\/role-essenziellen-aminosaeuren-aacomplex\/","url":"https:\/\/www.nutrinamin.ch\/de\/produkt-nutrinamin-combovegan-aacomplex\/role-essenziellen-aminosaeuren-aacomplex\/","name":"Nutrinamin AAComplex - Nutrinamin","isPartOf":{"@id":"https:\/\/www.nutrinamin.ch\/de\/#website"},"datePublished":"2019-06-21T13:09:00+00:00","dateModified":"2019-06-21T13:09:00+00:00","description":"F\u00fchren Sie die essenziellen Aminos\u00e4uren und Zink in optimaler Menge zu, erleichtern Sie die Rehabilitation nach der Operation.","breadcrumb":{"@id":"https:\/\/www.nutrinamin.ch\/de\/produkt-nutrinamin-combovegan-aacomplex\/role-essenziellen-aminosaeuren-aacomplex\/#breadcrumb"},"inLanguage":"de","potentialAction":[{"@type":"ReadAction","target":["https:\/\/www.nutrinamin.ch\/de\/produkt-nutrinamin-combovegan-aacomplex\/role-essenziellen-aminosaeuren-aacomplex\/"]}]},{"@type":"BreadcrumbList","@id":"https:\/\/www.nutrinamin.ch\/de\/produkt-nutrinamin-combovegan-aacomplex\/role-essenziellen-aminosaeuren-aacomplex\/#breadcrumb","itemListElement":[{"@type":"ListItem","position":1,"name":"Accueil","item":"https:\/\/www.nutrinamin.ch\/de\/"},{"@type":"ListItem","position":2,"name":"Produkte","item":"https:\/\/www.nutrinamin.ch\/de\/produkt-nutrinamin-combovegan-aacomplex\/"},{"@type":"ListItem","position":3,"name":"Role der essenziellen Aminos\u00e4uren AAComplex"}]},{"@type":"WebSite","@id":"https:\/\/www.nutrinamin.ch\/de\/#website","url":"https:\/\/www.nutrinamin.ch\/de\/","name":"Nutrinamin","description":"","potentialAction":[{"@type":"SearchAction","target":{"@type":"EntryPoint","urlTemplate":"https:\/\/www.nutrinamin.ch\/de\/?s={search_term_string}"},"query-input":"required name=search_term_string"}],"inLanguage":"de"}]}},"_links":{"self":[{"href":"https:\/\/www.nutrinamin.ch\/de\/wp-json\/wp\/v2\/pages\/1587"}],"collection":[{"href":"https:\/\/www.nutrinamin.ch\/de\/wp-json\/wp\/v2\/pages"}],"about":[{"href":"https:\/\/www.nutrinamin.ch\/de\/wp-json\/wp\/v2\/types\/page"}],"author":[{"embeddable":true,"href":"https:\/\/www.nutrinamin.ch\/de\/wp-json\/wp\/v2\/users\/4"}],"replies":[{"embeddable":true,"href":"https:\/\/www.nutrinamin.ch\/de\/wp-json\/wp\/v2\/comments?post=1587"}],"version-history":[{"count":1,"href":"https:\/\/www.nutrinamin.ch\/de\/wp-json\/wp\/v2\/pages\/1587\/revisions"}],"predecessor-version":[{"id":1588,"href":"https:\/\/www.nutrinamin.ch\/de\/wp-json\/wp\/v2\/pages\/1587\/revisions\/1588"}],"up":[{"embeddable":true,"href":"https:\/\/www.nutrinamin.ch\/de\/wp-json\/wp\/v2\/pages\/1206"}],"wp:attachment":[{"href":"https:\/\/www.nutrinamin.ch\/de\/wp-json\/wp\/v2\/media?parent=1587"}],"curies":[{"name":"wp","href":"https:\/\/api.w.org\/{rel}","templated":true}]}}