{"id":1206,"date":"2019-05-08T22:30:32","date_gmt":"2019-05-08T20:30:32","guid":{"rendered":"https:\/\/www.nutrinamin.ch\/produkte\/"},"modified":"2019-06-18T08:30:48","modified_gmt":"2019-06-18T06:30:48","slug":"produkt-nutrinamin-combovegan-aacomplex","status":"publish","type":"page","link":"https:\/\/www.nutrinamin.ch\/de\/produkt-nutrinamin-combovegan-aacomplex\/","title":{"rendered":"Produkte"},"content":{"rendered":"<div class=\"fusion-fullwidth fullwidth-box fusion-builder-row-1 nonhundred-percent-fullwidth non-hundred-percent-height-scrolling\" style=\"--awb-border-radius-top-left:0px;--awb-border-radius-top-right:0px;--awb-border-radius-bottom-right:0px;--awb-border-radius-bottom-left:0px;--awb-margin-top:0px;--awb-flex-wrap:wrap;\" ><div class=\"fusion-builder-row fusion-row\"><div class=\"fusion-layout-column fusion_builder_column fusion-builder-column-0 fusion_builder_column_1_1 1_1 fusion-one-full fusion-column-first fusion-column-last\" style=\"--awb-bg-size:cover;\"><div class=\"fusion-column-wrapper fusion-flex-column-wrapper-legacy\"><div class=\"accordian fusion-accordian\" style=\"--awb-border-size:0px;--awb-icon-size:16px;--awb-content-font-size:var(--awb-typography4-font-size);--awb-icon-alignment:left;--awb-hover-color:var(--awb-color2);--awb-border-color:#2f6b58;--awb-background-color:var(--awb-color1);--awb-divider-color:var(--awb-color3);--awb-divider-hover-color:var(--awb-color3);--awb-icon-color:var(--awb-color1);--awb-title-color:var(--awb-color8);--awb-content-color:var(--awb-color8);--awb-icon-box-color:var(--awb-color8);--awb-toggle-hover-accent-color:#a0ce4e;--awb-title-font-family:var(--awb-typography1-font-family);--awb-title-font-weight:var(--awb-typography1-font-weight);--awb-title-font-style:var(--awb-typography1-font-style);--awb-title-font-size:24px;--awb-content-font-family:var(--awb-typography4-font-family);--awb-content-font-weight:var(--awb-typography4-font-weight);--awb-content-font-style:var(--awb-typography4-font-style);\"><div class=\"panel-group fusion-toggle-icon-boxed\" id=\"accordion-1206-1\"><div class=\"fusion-panel panel-default panel-25801b64383bbf732 fusion-toggle-no-divider fusion-toggle-boxed-mode\"><div class=\"panel-heading\"><h4 class=\"panel-title toggle\" id=\"toggle_25801b64383bbf732\"><a aria-expanded=\"false\" aria-controls=\"25801b64383bbf732\" role=\"button\" data-toggle=\"collapse\" data-parent=\"#accordion-1206-1\" data-target=\"#25801b64383bbf732\" href=\"#25801b64383bbf732\"><span class=\"fusion-toggle-icon-wrapper\" aria-hidden=\"true\"><i class=\"fa-fusion-box active-icon awb-icon-minus\" aria-hidden=\"true\"><\/i><i class=\"fa-fusion-box inactive-icon awb-icon-plus\" aria-hidden=\"true\"><\/i><\/span><span class=\"fusion-toggle-heading\">Was ist die Nutrinamin-L\u00f6sung?<\/span><\/a><\/h4><\/div><div id=\"25801b64383bbf732\" class=\"panel-collapse collapse \" aria-labelledby=\"toggle_25801b64383bbf732\"><div class=\"panel-body toggle-content fusion-clearfix\">\n<p>Ein kalorienarmes Nahrungserg\u00e4nzungsmittel, das speziell alle essentiellen Aminos\u00e4uren enth\u00e4lt, genau dosiert und hoch assimilierbar, um nicht nur den Bed\u00fcrfnissen \u00e4lterer Menschen gerecht zu werden, sondern auch Menschen, die eine bestimmte Di\u00e4t einhalten (Veganer, Vegetarier usw.) oder sich in der Erholungsphase und danach befinden bariatrische Chirurgie.<\/p>\n<p>Nahrungserg\u00e4nzungsmittel aus Nutrinamin helfen, die Hormonproduktion in weniger als einer Woche wiederherzustellen, die Knochenbildung zu stimulieren und die Muskelfunktion zu verbessern. Nutrinamin-Produkte wurden in der Schweiz von Krankenhausexperten entwickelt und sind Gegenstand langj\u00e4hriger Forschung.<\/p>\n<\/div><\/div><\/div><\/div><\/div><div class=\"fusion-clearfix\"><\/div><\/div><\/div><\/div><\/div><div class=\"fusion-fullwidth fullwidth-box fusion-builder-row-2 nonhundred-percent-fullwidth non-hundred-percent-height-scrolling\" style=\"--awb-border-radius-top-left:0px;--awb-border-radius-top-right:0px;--awb-border-radius-bottom-right:0px;--awb-border-radius-bottom-left:0px;--awb-margin-top:-50px;--awb-flex-wrap:wrap;\" ><div class=\"fusion-builder-row fusion-row\"><div class=\"fusion-layout-column fusion_builder_column fusion-builder-column-1 fusion_builder_column_1_2 1_2 fusion-one-half fusion-column-first fusion-animated\" style=\"--awb-padding-top:70px;--awb-bg-size:cover;width:50%;width:calc(50% - ( ( 4% ) * 0.5 ) );margin-right: 4%;\" data-animationType=\"fadeInLeft\" data-animationDuration=\"0.3\" data-animationOffset=\"top-into-view\"><div class=\"fusion-column-wrapper fusion-flex-column-wrapper-legacy\"><div class=\"fusion-image-element fusion-image-align-center in-legacy-container\" style=\"text-align:center;--awb-caption-title-font-family:var(--h2_typography-font-family);--awb-caption-title-font-weight:var(--h2_typography-font-weight);--awb-caption-title-font-style:var(--h2_typography-font-style);--awb-caption-title-size:var(--h2_typography-font-size);--awb-caption-title-transform:var(--h2_typography-text-transform);--awb-caption-title-line-height:var(--h2_typography-line-height);--awb-caption-title-letter-spacing:var(--h2_typography-letter-spacing);\"><div class=\"imageframe-align-center\"><span class=\" fusion-imageframe imageframe-none imageframe-1 hover-type-none\"><a class=\"fusion-no-lightbox\" href=\"https:\/\/www.nutrinamin.ch\/de\/produkte\/nutrinamin-combovegan\/\" target=\"_self\" aria-label=\"Nutrinamin ComboVegan &#8211; essentielle Aminos\u00e4uren\"><img decoding=\"async\" width=\"128\" height=\"128\" alt=\"Nutrinamin Combovegan\" src=\"https:\/\/www.nutrinamin.ch\/wp-content\/uploads\/2019\/02\/picto-puzzle-128.png\" class=\"img-responsive wp-image-146\" srcset=\"https:\/\/www.nutrinamin.ch\/wp-content\/uploads\/2019\/02\/picto-puzzle-128-66x66.png 66w, https:\/\/www.nutrinamin.ch\/wp-content\/uploads\/2019\/02\/picto-puzzle-128.png 128w\" sizes=\"(max-width: 128px) 100vw, 128px\" \/><\/a><\/span><\/div><\/div><div class=\"fusion-sep-clear\"><\/div><div class=\"fusion-separator fusion-full-width-sep\" style=\"margin-left: auto;margin-right: auto;margin-top:30px;width:100%;\"><div class=\"fusion-separator-border sep-double\" style=\"--awb-height:20px;--awb-amount:20px;border-color:var(--awb-color3);border-top-width:1px;border-bottom-width:1px;\"><\/div><\/div><div class=\"fusion-sep-clear\"><\/div><div class=\"fusion-text fusion-text-1\"><p style=\"text-align: center;\">F\u00fcr die t\u00e4gliche Einnahme essentieller Aminos\u00e4uren<br \/>\n+ Kalzium, Vitamin D, Spirulina, Vitamin B-Komplex, Zink<br \/>\nwas auch immer die Di\u00e4t ist<\/p>\n<p style=\"text-align: center;\"><a href=\"https:\/\/www.nutrinamin.ch\/de\/produkte\/nutrinamin-combovegan\/\">Erfahren Sie mehr<\/a><\/p>\n<\/div><div class=\"fusion-clearfix\"><\/div><\/div><\/div><div class=\"fusion-layout-column fusion_builder_column fusion-builder-column-2 fusion_builder_column_1_2 1_2 fusion-one-half fusion-column-last fusion-animated\" style=\"--awb-padding-top:70px;--awb-bg-size:cover;width:50%;width:calc(50% - ( ( 4% ) * 0.5 ) );\" data-animationType=\"fadeInLeft\" data-animationDuration=\"0.3\" data-animationOffset=\"top-into-view\"><div class=\"fusion-column-wrapper fusion-flex-column-wrapper-legacy\"><div class=\"fusion-image-element fusion-image-align-center in-legacy-container\" style=\"text-align:center;--awb-caption-title-font-family:var(--h2_typography-font-family);--awb-caption-title-font-weight:var(--h2_typography-font-weight);--awb-caption-title-font-style:var(--h2_typography-font-style);--awb-caption-title-size:var(--h2_typography-font-size);--awb-caption-title-transform:var(--h2_typography-text-transform);--awb-caption-title-line-height:var(--h2_typography-line-height);--awb-caption-title-letter-spacing:var(--h2_typography-letter-spacing);\"><div class=\"imageframe-align-center\"><span class=\" fusion-imageframe imageframe-none imageframe-2 hover-type-none\"><a class=\"fusion-no-lightbox\" href=\"https:\/\/www.nutrinamin.ch\/de\/produkte\/nutrinamin-aacomplex\/\" target=\"_self\" aria-label=\"Nutrinamin AAComplex &#8211; essentielle Aminos\u00e4uren\"><img decoding=\"async\" width=\"128\" height=\"128\" alt=\"Nutrinamin AAComplex\" src=\"https:\/\/www.nutrinamin.ch\/wp-content\/uploads\/2019\/04\/nutrinamin-puzzle-orange-1.png\" class=\"img-responsive wp-image-1081\" srcset=\"https:\/\/www.nutrinamin.ch\/wp-content\/uploads\/2019\/04\/nutrinamin-puzzle-orange-1-66x66.png 66w, https:\/\/www.nutrinamin.ch\/wp-content\/uploads\/2019\/04\/nutrinamin-puzzle-orange-1.png 128w\" sizes=\"(max-width: 128px) 100vw, 128px\" \/><\/a><\/span><\/div><\/div><div class=\"fusion-sep-clear\"><\/div><div class=\"fusion-separator fusion-full-width-sep\" style=\"margin-left: auto;margin-right: auto;margin-top:30px;width:100%;\"><div class=\"fusion-separator-border sep-double\" style=\"--awb-height:20px;--awb-amount:20px;border-color:var(--awb-color3);border-top-width:1px;border-bottom-width:1px;\"><\/div><\/div><div class=\"fusion-sep-clear\"><\/div><div class=\"fusion-text fusion-text-2 aacomplex\"><p style=\"text-align: center;\">F\u00fcr die t\u00e4gliche Einnahme von S\u00e4uren<br \/>\nessentielle Amine + Zink<\/p>\n<p style=\"text-align: center;\"><a href=\"https:\/\/www.nutrinamin.ch\/de\/produkte\/nutrinamin-aacomplex\/\">Erfahren Sie mehr<\/a><\/p>\n<\/div><div class=\"fusion-clearfix\"><\/div><\/div><\/div><\/div><\/div><div class=\"fusion-fullwidth fullwidth-box fusion-builder-row-3 nonhundred-percent-fullwidth non-hundred-percent-height-scrolling\" style=\"--awb-border-radius-top-left:0px;--awb-border-radius-top-right:0px;--awb-border-radius-bottom-right:0px;--awb-border-radius-bottom-left:0px;--awb-margin-top:50px;--awb-flex-wrap:wrap;\" ><div class=\"fusion-builder-row fusion-row\"><div class=\"fusion-layout-column fusion_builder_column fusion-builder-column-3 fusion_builder_column_1_1 1_1 fusion-one-full fusion-column-first fusion-column-last\" style=\"--awb-bg-size:cover;\"><div class=\"fusion-column-wrapper fusion-flex-column-wrapper-legacy\"><div class=\"fusion-aligncenter\"><a class=\"fusion-button button-flat fusion-button-default-size button-default fusion-button-default button-1 fusion-button-default-span fusion-button-default-type\" style=\"--button_text_transform:none;\" target=\"_self\" href=\"https:\/\/www.nutrinamin.ch\/de\/kontakt\/\"><span class=\"fusion-button-text\">Nutrinamin entwickelt Neuheiten &#8230; Bleiben Sie hier informiert<\/span><\/a><\/div><div class=\"fusion-clearfix\"><\/div><\/div><\/div><\/div><\/div>\n","protected":false},"excerpt":{"rendered":"","protected":false},"author":1,"featured_media":0,"parent":0,"menu_order":0,"comment_status":"closed","ping_status":"closed","template":"","meta":{"footnotes":""},"yoast_head":"<!-- This site is optimized with the Yoast SEO plugin v22.1 - https:\/\/yoast.com\/wordpress\/plugins\/seo\/ -->\n<title>Nutrinamin Essenzielle Aminos\u00e4uren - Produkte<\/title>\n<meta name=\"description\" content=\"Die Produkte von Nutrinamin basieren auf einem Komplex essenzieller Aminos\u00e4uren, die unabh\u00e4ngig von der Ern\u00e4hrung optimal f\u00fcr den Stoffwechsel sind.\" \/>\n<meta name=\"robots\" content=\"index, follow, max-snippet:-1, max-image-preview:large, max-video-preview:-1\" \/>\n<link rel=\"canonical\" href=\"https:\/\/www.nutrinamin.ch\/de\/produkt-nutrinamin-combovegan-aacomplex\/\" \/>\n<meta property=\"og:locale\" content=\"de_DE\" \/>\n<meta property=\"og:type\" content=\"article\" \/>\n<meta property=\"og:title\" content=\"Nutrinamin Essenzielle Aminos\u00e4uren - Produkte\" \/>\n<meta property=\"og:description\" content=\"Die Produkte von Nutrinamin basieren auf einem Komplex essenzieller Aminos\u00e4uren, die unabh\u00e4ngig von der Ern\u00e4hrung optimal f\u00fcr den Stoffwechsel sind.\" \/>\n<meta property=\"og:url\" content=\"https:\/\/www.nutrinamin.ch\/de\/produkt-nutrinamin-combovegan-aacomplex\/\" \/>\n<meta property=\"og:site_name\" content=\"Nutrinamin\" \/>\n<meta property=\"article:modified_time\" content=\"2019-06-18T06:30:48+00:00\" \/>\n<meta name=\"twitter:card\" content=\"summary_large_image\" \/>\n<meta name=\"twitter:label1\" content=\"Gesch\u00e4tzte Lesezeit\" \/>\n\t<meta name=\"twitter:data1\" content=\"6\u00a0Minuten\" \/>\n<script type=\"application\/ld+json\" class=\"yoast-schema-graph\">{\"@context\":\"https:\/\/schema.org\",\"@graph\":[{\"@type\":\"WebPage\",\"@id\":\"https:\/\/www.nutrinamin.ch\/de\/produkt-nutrinamin-combovegan-aacomplex\/\",\"url\":\"https:\/\/www.nutrinamin.ch\/de\/produkt-nutrinamin-combovegan-aacomplex\/\",\"name\":\"Nutrinamin Essenzielle Aminos\u00e4uren - Produkte\",\"isPartOf\":{\"@id\":\"https:\/\/www.nutrinamin.ch\/de\/#website\"},\"datePublished\":\"2019-05-08T20:30:32+00:00\",\"dateModified\":\"2019-06-18T06:30:48+00:00\",\"description\":\"Die Produkte von Nutrinamin basieren auf einem Komplex essenzieller Aminos\u00e4uren, die unabh\u00e4ngig von der Ern\u00e4hrung optimal f\u00fcr den Stoffwechsel sind.\",\"breadcrumb\":{\"@id\":\"https:\/\/www.nutrinamin.ch\/de\/produkt-nutrinamin-combovegan-aacomplex\/#breadcrumb\"},\"inLanguage\":\"de\",\"potentialAction\":[{\"@type\":\"ReadAction\",\"target\":[\"https:\/\/www.nutrinamin.ch\/de\/produkt-nutrinamin-combovegan-aacomplex\/\"]}]},{\"@type\":\"BreadcrumbList\",\"@id\":\"https:\/\/www.nutrinamin.ch\/de\/produkt-nutrinamin-combovegan-aacomplex\/#breadcrumb\",\"itemListElement\":[{\"@type\":\"ListItem\",\"position\":1,\"name\":\"Accueil\",\"item\":\"https:\/\/www.nutrinamin.ch\/de\/\"},{\"@type\":\"ListItem\",\"position\":2,\"name\":\"Produkte\"}]},{\"@type\":\"WebSite\",\"@id\":\"https:\/\/www.nutrinamin.ch\/de\/#website\",\"url\":\"https:\/\/www.nutrinamin.ch\/de\/\",\"name\":\"Nutrinamin\",\"description\":\"\",\"potentialAction\":[{\"@type\":\"SearchAction\",\"target\":{\"@type\":\"EntryPoint\",\"urlTemplate\":\"https:\/\/www.nutrinamin.ch\/de\/?s={search_term_string}\"},\"query-input\":\"required name=search_term_string\"}],\"inLanguage\":\"de\"}]}<\/script>\n<!-- \/ Yoast SEO plugin. -->","yoast_head_json":{"title":"Nutrinamin Essenzielle Aminos\u00e4uren - Produkte","description":"Die Produkte von Nutrinamin basieren auf einem Komplex essenzieller Aminos\u00e4uren, die unabh\u00e4ngig von der Ern\u00e4hrung optimal f\u00fcr den Stoffwechsel sind.","robots":{"index":"index","follow":"follow","max-snippet":"max-snippet:-1","max-image-preview":"max-image-preview:large","max-video-preview":"max-video-preview:-1"},"canonical":"https:\/\/www.nutrinamin.ch\/de\/produkt-nutrinamin-combovegan-aacomplex\/","og_locale":"de_DE","og_type":"article","og_title":"Nutrinamin Essenzielle Aminos\u00e4uren - Produkte","og_description":"Die Produkte von Nutrinamin basieren auf einem Komplex essenzieller Aminos\u00e4uren, die unabh\u00e4ngig von der Ern\u00e4hrung optimal f\u00fcr den Stoffwechsel sind.","og_url":"https:\/\/www.nutrinamin.ch\/de\/produkt-nutrinamin-combovegan-aacomplex\/","og_site_name":"Nutrinamin","article_modified_time":"2019-06-18T06:30:48+00:00","twitter_card":"summary_large_image","twitter_misc":{"Gesch\u00e4tzte Lesezeit":"6\u00a0Minuten"},"schema":{"@context":"https:\/\/schema.org","@graph":[{"@type":"WebPage","@id":"https:\/\/www.nutrinamin.ch\/de\/produkt-nutrinamin-combovegan-aacomplex\/","url":"https:\/\/www.nutrinamin.ch\/de\/produkt-nutrinamin-combovegan-aacomplex\/","name":"Nutrinamin Essenzielle Aminos\u00e4uren - Produkte","isPartOf":{"@id":"https:\/\/www.nutrinamin.ch\/de\/#website"},"datePublished":"2019-05-08T20:30:32+00:00","dateModified":"2019-06-18T06:30:48+00:00","description":"Die Produkte von Nutrinamin basieren auf einem Komplex essenzieller Aminos\u00e4uren, die unabh\u00e4ngig von der Ern\u00e4hrung optimal f\u00fcr den Stoffwechsel sind.","breadcrumb":{"@id":"https:\/\/www.nutrinamin.ch\/de\/produkt-nutrinamin-combovegan-aacomplex\/#breadcrumb"},"inLanguage":"de","potentialAction":[{"@type":"ReadAction","target":["https:\/\/www.nutrinamin.ch\/de\/produkt-nutrinamin-combovegan-aacomplex\/"]}]},{"@type":"BreadcrumbList","@id":"https:\/\/www.nutrinamin.ch\/de\/produkt-nutrinamin-combovegan-aacomplex\/#breadcrumb","itemListElement":[{"@type":"ListItem","position":1,"name":"Accueil","item":"https:\/\/www.nutrinamin.ch\/de\/"},{"@type":"ListItem","position":2,"name":"Produkte"}]},{"@type":"WebSite","@id":"https:\/\/www.nutrinamin.ch\/de\/#website","url":"https:\/\/www.nutrinamin.ch\/de\/","name":"Nutrinamin","description":"","potentialAction":[{"@type":"SearchAction","target":{"@type":"EntryPoint","urlTemplate":"https:\/\/www.nutrinamin.ch\/de\/?s={search_term_string}"},"query-input":"required name=search_term_string"}],"inLanguage":"de"}]}},"_links":{"self":[{"href":"https:\/\/www.nutrinamin.ch\/de\/wp-json\/wp\/v2\/pages\/1206"}],"collection":[{"href":"https:\/\/www.nutrinamin.ch\/de\/wp-json\/wp\/v2\/pages"}],"about":[{"href":"https:\/\/www.nutrinamin.ch\/de\/wp-json\/wp\/v2\/types\/page"}],"author":[{"embeddable":true,"href":"https:\/\/www.nutrinamin.ch\/de\/wp-json\/wp\/v2\/users\/1"}],"replies":[{"embeddable":true,"href":"https:\/\/www.nutrinamin.ch\/de\/wp-json\/wp\/v2\/comments?post=1206"}],"version-history":[{"count":5,"href":"https:\/\/www.nutrinamin.ch\/de\/wp-json\/wp\/v2\/pages\/1206\/revisions"}],"predecessor-version":[{"id":1272,"href":"https:\/\/www.nutrinamin.ch\/de\/wp-json\/wp\/v2\/pages\/1206\/revisions\/1272"}],"wp:attachment":[{"href":"https:\/\/www.nutrinamin.ch\/de\/wp-json\/wp\/v2\/media?parent=1206"}],"curies":[{"name":"wp","href":"https:\/\/api.w.org\/{rel}","templated":true}]}}